{"id":9,"date":"2017-11-12T14:49:27","date_gmt":"2017-11-12T13:49:27","guid":{"rendered":"https:\/\/haugfossalpakka.no\/?page_id=9"},"modified":"2018-03-20T17:06:50","modified_gmt":"2018-03-20T16:06:50","slug":"alpakka","status":"publish","type":"page","link":"https:\/\/haugfossalpakka.no\/?page_id=9","title":{"rendered":"Alpakka?"},"content":{"rendered":"<div  class=\"fusion-fullwidth fullwidth-box nonhundred-percent-fullwidth\"  style='background-color: rgba(255,255,255,0);background-position: center center;background-repeat: no-repeat;padding-top:0px;padding-right:0px;padding-bottom:0px;padding-left:0px;'><div class=\"fusion-builder-row fusion-row \"><div  class=\"fusion-layout-column fusion_builder_column fusion_builder_column_1_1  fusion-one-full fusion-column-first fusion-column-last 1_1\"  style='margin-top:0px;margin-bottom:0px;'>\n\t\t\t\t\t<div class=\"fusion-column-wrapper\" style=\"background-position:left top;background-repeat:no-repeat;-webkit-background-size:cover;-moz-background-size:cover;-o-background-size:cover;background-size:cover;\"  data-bg-url=\"\">\n\t\t\t\t\t\t<div class=\"fusion-image-carousel fusion-image-carousel-auto fusion-carousel-border\"><div class=\"fusion-carousel\" data-autoplay=\"yes\" data-columns=\"1\" data-itemmargin=\"13\" data-itemwidth=\"180\" data-touchscroll=\"no\" data-imagesize=\"auto\" data-scrollitems=\"1\"><div class=\"fusion-carousel-positioner\"><ul class=\"fusion-carousel-holder\"><li class=\"fusion-carousel-item\"><div class=\"fusion-carousel-item-wrapper\"><div class=\"fusion-image-wrapper hover-type-none\"><img width=\"2000\" height=\"460\" src=\"https:\/\/haugfossalpakka.no\/wp-content\/uploads\/2018\/03\/alpakka_bredde01.jpg\" class=\"attachment-full size-full\" alt=\"\" loading=\"lazy\" srcset=\"https:\/\/haugfossalpakka.no\/wp-content\/uploads\/2018\/03\/alpakka_bredde01-200x46.jpg 200w, https:\/\/haugfossalpakka.no\/wp-content\/uploads\/2018\/03\/alpakka_bredde01-300x69.jpg 300w, https:\/\/haugfossalpakka.no\/wp-content\/uploads\/2018\/03\/alpakka_bredde01-400x92.jpg 400w, https:\/\/haugfossalpakka.no\/wp-content\/uploads\/2018\/03\/alpakka_bredde01-600x138.jpg 600w, https:\/\/haugfossalpakka.no\/wp-content\/uploads\/2018\/03\/alpakka_bredde01-768x177.jpg 768w, https:\/\/haugfossalpakka.no\/wp-content\/uploads\/2018\/03\/alpakka_bredde01-800x184.jpg 800w, https:\/\/haugfossalpakka.no\/wp-content\/uploads\/2018\/03\/alpakka_bredde01-1024x236.jpg 1024w, https:\/\/haugfossalpakka.no\/wp-content\/uploads\/2018\/03\/alpakka_bredde01-1200x276.jpg 1200w, https:\/\/haugfossalpakka.no\/wp-content\/uploads\/2018\/03\/alpakka_bredde01.jpg 2000w\" sizes=\"(max-width: 2000px) 100vw, 2000px\" \/><\/div><\/div><\/li><li class=\"fusion-carousel-item\"><div class=\"fusion-carousel-item-wrapper\"><div class=\"fusion-image-wrapper hover-type-none\"><img width=\"2000\" height=\"460\" src=\"https:\/\/haugfossalpakka.no\/wp-content\/uploads\/2018\/03\/alpakka_vinter.jpg\" class=\"attachment-full size-full\" alt=\"\" loading=\"lazy\" srcset=\"https:\/\/haugfossalpakka.no\/wp-content\/uploads\/2018\/03\/alpakka_vinter-200x46.jpg 200w, https:\/\/haugfossalpakka.no\/wp-content\/uploads\/2018\/03\/alpakka_vinter-300x69.jpg 300w, https:\/\/haugfossalpakka.no\/wp-content\/uploads\/2018\/03\/alpakka_vinter-400x92.jpg 400w, https:\/\/haugfossalpakka.no\/wp-content\/uploads\/2018\/03\/alpakka_vinter-600x138.jpg 600w, https:\/\/haugfossalpakka.no\/wp-content\/uploads\/2018\/03\/alpakka_vinter-768x177.jpg 768w, https:\/\/haugfossalpakka.no\/wp-content\/uploads\/2018\/03\/alpakka_vinter-800x184.jpg 800w, https:\/\/haugfossalpakka.no\/wp-content\/uploads\/2018\/03\/alpakka_vinter-1024x236.jpg 1024w, https:\/\/haugfossalpakka.no\/wp-content\/uploads\/2018\/03\/alpakka_vinter-1200x276.jpg 1200w, https:\/\/haugfossalpakka.no\/wp-content\/uploads\/2018\/03\/alpakka_vinter.jpg 2000w\" sizes=\"(max-width: 2000px) 100vw, 2000px\" \/><\/div><\/div><\/li><\/ul><div class=\"fusion-carousel-nav\"><span class=\"fusion-nav-prev\"><\/span><span class=\"fusion-nav-next\"><\/span><\/div><\/div><\/div><\/div><h1>Alpakka<\/h1>\n<p><img loading=\"lazy\" class=\"alignright wp-image-156\" src=\"https:\/\/haugfossalpakka.no\/wp-content\/uploads\/2018\/02\/galleri18-300x195.jpg\" alt=\"\" width=\"500\" height=\"325\" srcset=\"https:\/\/haugfossalpakka.no\/wp-content\/uploads\/2018\/02\/galleri18-200x130.jpg 200w, https:\/\/haugfossalpakka.no\/wp-content\/uploads\/2018\/02\/galleri18-300x195.jpg 300w, https:\/\/haugfossalpakka.no\/wp-content\/uploads\/2018\/02\/galleri18-400x260.jpg 400w, https:\/\/haugfossalpakka.no\/wp-content\/uploads\/2018\/02\/galleri18-600x390.jpg 600w, https:\/\/haugfossalpakka.no\/wp-content\/uploads\/2018\/02\/galleri18-768x499.jpg 768w, https:\/\/haugfossalpakka.no\/wp-content\/uploads\/2018\/02\/galleri18-800x520.jpg 800w, https:\/\/haugfossalpakka.no\/wp-content\/uploads\/2018\/02\/galleri18.jpg 1000w\" sizes=\"(max-width: 500px) 100vw, 500px\" \/>Alpakkaen er et s\u00f8ramerikansk kameldyr som ble domestisert av inkaene for fem tusen \u00e5r siden.<\/p>\n<p>Den er ca. halvannen meter h\u00f8y og veier fra 50 &#8211; 80 kg. Den g\u00e5r drektig i 11,5 mnd og ungene som kalles cria, er veldig \u00abferdige\u00bb n\u00e5r de f\u00f8des. De har kr\u00f8llete pels og l\u00f8per rundt p\u00e5 jordet etter f\u00e5 timer. Dette skyldes bl.a. deres opprinnelig leveomr\u00e5der i Andesfjellene der temperaturen varierer voldsomt mellom natt og dag. Av samme grunn f\u00f8des de ogs\u00e5 ofte p\u00e5 dagtid, noe som er veldig praktisk for oss alpakkab\u00f8nder.<\/p>\n<p>Hoppene er gode m\u00f8dre; de liker best \u00e5 g\u00e5 drektige eller ha en diende cria. Derfor er det vanlig \u00e5 pare allerede 14 dager etter f\u00f8dsel. De kan f\u00e5 ca 15 avkom i l\u00f8pet av levetiden, som er omtrent 20-25 \u00e5r.<\/p>\n<p>De er utpregede flokkdyr og mistrives hvis de blir tvunget til \u00e5 v\u00e6re \u00a0alene. Derfor selger vi aldri mindre enn to dyr &#8211; og helst tre &#8211; til folk som ikke har alpakka fra f\u00f8r.<\/p>\n<p>De er fredelige beitedyr som har en koselig liten nynnelyd som kalles humming. Denne lyden er spesielt viktig for tilknytningen mellom mor og barn.<\/p>\n<p>Alpakkaen spiser\u00a0h\u00f8y hele \u00e5ret, i tillegg til at de beiter om sommeren. De f\u00e5r litt tilf\u00f8rsel av kraftfor samt tilskudd av vitaminer og mineraler. Som med andre husdyr m\u00e5 de ha tilgang til friskt vann til enhver tid, og man m\u00e5 f\u00f8lge opp med vaksiner og eventuelle ormekurer.<\/p>\n<p>M\u00f8kkingen er relativt enkel da alpakkaen er renslige dyr som gj\u00f8r fra seg p\u00e5 samme sted som de andre. Vi kaller det at de etablerer toaletter.<\/p>\n<p>Hingster og vallaker trenger bare le mot vind og v\u00e6r og g\u00e5r ute hele \u00e5ret, mens hoppene trenger et fj\u00f8s el.l. i f\u00f8dselstida.<\/p>\n<p>Hovedgrunnen til \u00e5 ha alpakka er den utrolige fine fiberen de produserer.<\/p>\n<p>Den kalles ikke ull da den er delvis hul p\u00e5 samme m\u00e5te som isbj\u00f8rnpelsen. Dette gj\u00f8r at den er varmere enn g\u00e5sedun og flere ganger varmere enn saueull samtidig som den er kj\u00f8lig i varmen.<\/p>\n<p><img loading=\"lazy\" class=\"alignleft wp-image-163\" src=\"https:\/\/haugfossalpakka.no\/wp-content\/uploads\/2018\/02\/galleri11.jpg\" alt=\"\" width=\"500\" height=\"325\" srcset=\"https:\/\/haugfossalpakka.no\/wp-content\/uploads\/2018\/02\/galleri11-200x130.jpg 200w, https:\/\/haugfossalpakka.no\/wp-content\/uploads\/2018\/02\/galleri11-300x195.jpg 300w, https:\/\/haugfossalpakka.no\/wp-content\/uploads\/2018\/02\/galleri11-400x260.jpg 400w, https:\/\/haugfossalpakka.no\/wp-content\/uploads\/2018\/02\/galleri11-600x390.jpg 600w, https:\/\/haugfossalpakka.no\/wp-content\/uploads\/2018\/02\/galleri11-768x499.jpg 768w, https:\/\/haugfossalpakka.no\/wp-content\/uploads\/2018\/02\/galleri11-800x520.jpg 800w, https:\/\/haugfossalpakka.no\/wp-content\/uploads\/2018\/02\/galleri11.jpg 1000w\" sizes=\"(max-width: 500px) 100vw, 500px\" \/>Fiberen er myk, lett, glatt og sterk. Utmerket for allergiker da den har mindre lanolin som tiltrekker seg st\u00f8v og mikroskopiske allergener. B\u00e5de mens fiberen er p\u00e5 dyret og etter bearbeiding er \u00abulla\u00bb s\u00e5 godt som selvrensende. Den finnes i 22 naturlige nyanser av gr\u00e5tt, svart, brunt og hvitt.<\/p>\n<p>De klippes en gang i \u00e5ret.<br \/>\nPotensialet for alpakkaen i Norge burde v\u00e6re stort. P\u00e5 verdensbasis utgj\u00f8r alpakkafiberen en bitteliten del av det totale ullforbruket. Dette \u00f8nskes \u00f8kt pga. dens unike kvaliteter.<\/p>\n<p>Dyra passer godt i Norge da de trives godt i kulde. De er gode landskapspleiere pga myke \u00abpoter\u00bb. Mange har gode erfaringer med alpakka som terapidyr. De har en medf\u00f8dt verdighet, de er tillitsfulle, morsomme og harmoniske.<\/p>\n<div class=\"fusion-clearfix\"><\/div>\n\n\t\t\t\t\t<\/div>\n\t\t\t\t<\/div><\/div><\/div>\n","protected":false},"excerpt":{"rendered":"","protected":false},"author":1,"featured_media":0,"parent":0,"menu_order":0,"comment_status":"closed","ping_status":"closed","template":"","meta":[],"_links":{"self":[{"href":"https:\/\/haugfossalpakka.no\/index.php?rest_route=\/wp\/v2\/pages\/9"}],"collection":[{"href":"https:\/\/haugfossalpakka.no\/index.php?rest_route=\/wp\/v2\/pages"}],"about":[{"href":"https:\/\/haugfossalpakka.no\/index.php?rest_route=\/wp\/v2\/types\/page"}],"author":[{"embeddable":true,"href":"https:\/\/haugfossalpakka.no\/index.php?rest_route=\/wp\/v2\/users\/1"}],"replies":[{"embeddable":true,"href":"https:\/\/haugfossalpakka.no\/index.php?rest_route=%2Fwp%2Fv2%2Fcomments&post=9"}],"version-history":[{"count":14,"href":"https:\/\/haugfossalpakka.no\/index.php?rest_route=\/wp\/v2\/pages\/9\/revisions"}],"predecessor-version":[{"id":230,"href":"https:\/\/haugfossalpakka.no\/index.php?rest_route=\/wp\/v2\/pages\/9\/revisions\/230"}],"wp:attachment":[{"href":"https:\/\/haugfossalpakka.no\/index.php?rest_route=%2Fwp%2Fv2%2Fmedia&parent=9"}],"curies":[{"name":"wp","href":"https:\/\/api.w.org\/{rel}","templated":true}]}}